{"id":31,"date":"2016-09-09T19:14:34","date_gmt":"2016-09-09T19:14:34","guid":{"rendered":"http:\/\/dance-in-line.de\/?page_id=31"},"modified":"2016-09-09T19:14:34","modified_gmt":"2016-09-09T19:14:34","slug":"trainingszeiten","status":"publish","type":"page","link":"https:\/\/neu.tvno-berlin.de\/?page_id=31","title":{"rendered":"Trainingszeiten"},"content":{"rendered":"<p style=\"text-align: right;\"><span style=\"color: #bdbdbd;\">Keine Haftungs\u00fcbernahme<\/span><\/p>\n<p style=\"text-align: center;\">Spa\u00df an Countrymusik und Bewegung sind die besten Voraussetzungen!<br \/>Bei einem Probetraining k\u00f6nnt ihr feststellen, ob euch dieser Tanzsport liegt, oder auch, ob ihr euch in der Tanzgruppe wohl f\u00fchlt.<\/p>\n<h5 style=\"text-align: center;\"><span style=\"color: #800000;\"><strong><em>Taucht einfach ein, in die Tanzwelt der Line Dancer!<\/em><\/strong><\/span><\/h5>\n<p style=\"text-align: center;\"><strong><span style=\"color: #993300; text-decoration: underline;\">Trainingszeit Beginner Kurs 1:<\/span><\/strong><\/p>\n<p style=\"text-align: center;\">Montag von 16:30 &#8211; 18:00 Uhr<\/p>\n<p style=\"text-align: center;\"><strong><span style=\"color: #993300;\">Kosten:\u00a0 <span style=\"color: #000000;\">8.-\u20ac<\/span><\/span><\/strong><\/p>\n<p style=\"text-align: center;\">(nur mit Vorkenntnissen)<\/p>\n<p style=\"text-align: center;\"><strong><span style=\"color: #993300; text-decoration: underline;\">Trainingszeit Intermediate Kurs 2:<\/span><\/strong><\/p>\n<p style=\"text-align: center;\">Montag von 18:15 &#8211; 19:45 Uhr<\/p>\n<p style=\"text-align: center;\">(nur mit Vorkenntnissen)<\/p>\n<p style=\"text-align: center;\"><span style=\"text-decoration: underline;\"><span style=\"color: #993300;\"><strong>Kosten:\u00a0 <span style=\"color: #000000;\">8.-\u20ac<\/span><\/strong><\/span><\/span><\/p>\n<p style=\"text-align: center;\"><strong>Die Teilnahmegeb\u00fchr\u00a0ist monatlich im voraus\u00a0zu entrichten.<\/strong><\/p>\n<p style=\"text-align: center;\"><span style=\"color: #822f2c;\">Bitte immer saubere Wechselschuhe (keine Boots) mitbringen!<\/span><\/p>\n<p style=\"text-align: center;\">Wenn ihr bei den<strong> &#8220;Lucky Walkers&#8221;<\/strong> mit trainieren m\u00f6chtet meldet euch bitte vorher<\/p>\n<p style=\"text-align: center;\">per <a href=\"mailto:anmeldung@dance-in-line.de\">E-Mail<\/a> oder Telefon an.<\/p>\n<p style=\"text-align: center;\">E-Mail: <a href=\"mailto:anmeldung@dance-in-line.de\">anmeldung(at)dance-in-line.de<\/a><br \/>Telefon: 0178 \/ 260 41 06 \u00a0<span style=\"color: #999999;\">(Antje)<\/span><br \/>Telefon: 0179 \/ 415 87 41\u00a0 <span style=\"color: #999999;\">(Gabi)<\/span><\/p>\n<p style=\"text-align: center;\"><span style=\"text-decoration: underline;\"><em><strong>Kostenloses Probetraining nur nach vorheriger Anmeldung per Email!\u00a0<\/strong><\/em><\/span><\/p>\n<p style=\"text-align: center;\"><strong><span style=\"color: #822f2c; text-decoration: underline;\">Trainingsort:<\/span> <\/strong><\/p>\n<p style=\"text-align: center;\"><span style=\"color: #801900;\"><b>Albrechtstr. 17 &#8211; 19<\/b><\/span><\/p>\n<p style=\"text-align: center;\"><span style=\"color: #0066cc;\"><b>\u00a0<\/b><\/span><strong><a href=\"https:\/\/www.google.de\/maps\/@52.4599921,13.3932011,3a,75y,7.24h,81.48t\/data=!3m6!1e1!3m4!1s8PXDIzxcfpyaZDuX32t1Ew!2e0!7i16384!8i8192?entry=ttu\">12099 Berlin &#8211; Tempelhof<\/a><\/strong><\/p>\n<h5 style=\"text-align: center;\"><a href=\"https:\/\/www.google.de\/maps\/place\/Gastst%C3%A4tte+Kolonie+Albrechtsh%C3%B6he\/@52.4608333,13.3917399,16z\/data=!4m6!3m5!1s0x47a84ff6e25ce25f:0xa42d83d1dbf30ae!8m2!3d52.4607435!4d13.3965682!16s%2Fg%2F11gbfd_1wv?entry=ttu\"><strong><span style=\"text-decoration: underline;\">im Gemeinschaftsraum &#8220;M\u00e4rkische Scholle&#8221;<\/span><\/strong><\/a><\/h5>\n<h6 style=\"text-align: center;\"><span style=\"color: #999999;\">(Beim klicken auf den Link, werdet Ihr auf Google Maps umgeleitet, <\/span><span style=\"color: #999999;\">dadurch werden dann auch die Cookies von Google Maps geladen.) <\/span><\/h6>\n<h5 style=\"text-align: center;\">\u00a0<\/h5>\n<h5 style=\"text-align: center;\"><span style=\"color: #822f2c;\">\u00a0 \u00a0 \u00a0 <strong>Bis bald bei den &#8220;Lucky Walkers&#8221;<\/strong><\/span><\/h5>\n\n\n<p><\/p>\n","protected":false},"excerpt":{"rendered":"<p>Keine Haftungs\u00fcbernahme Spa\u00df an Countrymusik und Bewegung sind die besten Voraussetzungen!Bei einem Probetraining k\u00f6nnt ihr feststellen, ob euch dieser Tanzsport<\/p>\n","protected":false},"author":2,"featured_media":0,"parent":0,"menu_order":15,"comment_status":"closed","ping_status":"closed","template":"","meta":{"footnotes":""},"_links":{"self":[{"href":"https:\/\/neu.tvno-berlin.de\/index.php?rest_route=\/wp\/v2\/pages\/31"}],"collection":[{"href":"https:\/\/neu.tvno-berlin.de\/index.php?rest_route=\/wp\/v2\/pages"}],"about":[{"href":"https:\/\/neu.tvno-berlin.de\/index.php?rest_route=\/wp\/v2\/types\/page"}],"author":[{"embeddable":true,"href":"https:\/\/neu.tvno-berlin.de\/index.php?rest_route=\/wp\/v2\/users\/2"}],"replies":[{"embeddable":true,"href":"https:\/\/neu.tvno-berlin.de\/index.php?rest_route=%2Fwp%2Fv2%2Fcomments&post=31"}],"version-history":[{"count":0,"href":"https:\/\/neu.tvno-berlin.de\/index.php?rest_route=\/wp\/v2\/pages\/31\/revisions"}],"wp:attachment":[{"href":"https:\/\/neu.tvno-berlin.de\/index.php?rest_route=%2Fwp%2Fv2%2Fmedia&parent=31"}],"curies":[{"name":"wp","href":"https:\/\/api.w.org\/{rel}","templated":true}]}}