{"id":41,"date":"2016-09-10T21:07:14","date_gmt":"2016-09-10T21:07:14","guid":{"rendered":"http:\/\/dance-in-line.de\/?page_id=41"},"modified":"2016-09-10T21:07:14","modified_gmt":"2016-09-10T21:07:14","slug":"datenschutzerklaerung","status":"publish","type":"page","link":"https:\/\/neu.tvno-berlin.de\/?page_id=41","title":{"rendered":"Datenschutzerkl\u00e4rung"},"content":{"rendered":"<p>Der Schutz Ihrer Daten geh\u00f6rt zu den wichtigsten Grunds\u00e4tzen der Lucky Walkers. Wir m\u00f6chten Sie mit dieser Datenschutzerkl\u00e4rung \u00fcber Art, Umfang und Zweck der von uns erhobenen, genutzten und verarbeiteten personenbezogenen Daten informieren. Ferner m\u00f6chten wir Sie \u00fcber die Ihnen zustehenden Rechte aufkl\u00e4ren.<\/p>\n<h3 class=\"fs28--xs mb20--xs ml-30--xs\">1. Kontaktdaten<\/h3>\n<p><strong>Verantwortlicher:<\/strong><\/p>\n<p>\u201eLucky Walkers\u201c Vertreten durch:<br \/>\nAntje Giese<br \/>\nAmfortasweg 1<br \/>\n12167 Berlin<br \/>\nTel: 0178 \/ 260 41 06<br \/>\nMail:\u00a0 <a href=\"mailto:lennon_j80@yahoo.de\">lennon_j80(at)yahoo.de<\/a><\/p>\n<dl class=\"mb20--xs\">\n<dt class=\"font--bold mb20--xs\"><strong>Datenschutzbeauftragte:<\/strong><\/dt>\n<\/dl>\n<p>Datenschutzbeauftragte<br \/>\nLucky Walkers<br \/>\nAmfortasweg 1<br \/>\n12167 Berlin<\/p>\n<p>Wenn sie Ihre gesetzlichen Rechte geltend machen wollen oder generell Fragen haben, wenden Sie sich bitte an <a href=\"mailto:datenschutz@dance-in-line.de\">datenschutz@dance-in-line.de<\/a> oder die betriebliche Datenschutzbeauftragte von &#8220;Lucky Walkers&#8221;.<\/p>\n<h3 class=\"fs28--xs mb20--xs mt60--xs ml-30--xs\">2. Welche Daten wir erheben und verarbeiten<\/h3>\n<p><strong>a) Vertragsdaten<\/strong><br \/>\nWir erheben, verarbeiten und speichern die Daten, die Sie angeben, wenn Sie bei uns ein Probetraining vollziehen, oder Mitglied werden. Au\u00dferdem speichern und verarbeiten wir Daten \u00fcber den Mitglieds- und Zahlungsverlauf.<\/p>\n<p><strong>b) Daten, die Sie auf unseren Servern speichern<\/strong><br \/>\nWir erheben, verarbeiten und speichern die Daten, die Sie selbst speichern, wenn Sie unsere Dienste nutzen. Dies umfasst die Herstellung von Sicherheitskopien in unseren Backup-Systemen.<\/p>\n<p><strong>c) Log-Daten<\/strong><br \/>\nWenn Sie unsere Webseite besuchen oder unsere Dienste nutzen \u00fcbermittelt das Ger\u00e4t, mit dem Sie die Seite aufrufen, automatisch Log-Daten (Verbindungsdaten) an unsere Server, welche von der STRATO AG gehostet werden. Das ist insbesondere der Fall, wenn Sie sich einloggen oder wenn Sie Daten hoch- oder runterladen.\u00a0 Folgende Log-Daten werden bei diesem Prozess erhoben: Domainname, Anonymisierte Client-IP, Request-Zeile, Timestamp, Status Code, Gr\u00f6\u00dfe des Response Bodies, Referer, der vom Client gesendet wurde, User Agent, der vom Client gesendet wurde, Remote User. Eine genauere Erl\u00e4uterung \u00fcber die von der STRATO AG erhobenen Log-Dateien finden Sie <a href=\"https:\/\/strato.de\/blog\/dsgvo-logfiles\">hier <\/a> . Zur Erkennung von Angriffen speichert die STRATO AG nicht anonymisierte IP-Adressen maximal sieben Tage. Danach werden sie unwiderruflich anonymisiert. Kunden der STRATO AG k\u00f6nnen IP-Adressen jedoch ausschlie\u00dflich und dauerhaft anonymisiert einsehen.<\/p>\n<p><strong>d) Kundenkorrespondez<\/strong><br \/>\nWir verarbeiten die Daten, die anfallen, wenn Sie uns z.B. per E-Mail, Fax oder Post kontaktieren.<\/p>\n<p><strong>Links zu externen Internetseiten<\/strong><\/p>\n<p>Als Anbieter sind wir nur f\u00fcr eigene Inhalte auf der Dom\u00e4ne www.dance-in-line.de verantwortlich (\u00a7 8 Abs. 1 TMG). F\u00fcr die Inhalte, Qualit\u00e4t und Aktualit\u00e4t von Internetseiten Dritter, die \u00fcber externe Links dieses Informationsangebotes erreicht werden, \u00fcbernehmen wir keine Haftung. Wir haben keinen Einfluss darauf, dass fremde Anbieter die gesetzlichen Datenschutzbestimmungen einhalten. Sie sollten daher stets die Datenschutzerkl\u00e4rungen zu den\u00a0verlinkten Online-Angeboten Dritter pr\u00fcfen.<\/p>\n<p><strong>YouTube<\/strong><\/p>\n<p>F\u00fcr Integration und Darstellung von Videoinhalten nutzt unsere Website Plugins von YouTube. Anbieter des Videoportals ist die YouTube, LLC, 901 Cherry Ave., San Bruno, CA 94066, USA.<\/p>\n<p>Bei Aufruf einer Seite mit integriertem YouTube-Plugin wird eine Verbindung zu den Servern von YouTube hergestellt. YouTube erf\u00e4hrt hierdurch, welche unserer Seiten Sie aufgerufen haben.<\/p>\n<p>YouTube kann Ihr Surfverhalten direkt Ihrem pers\u00f6nlichen Profil zuzuordnen, sollten Sie in Ihrem YouTube Konto eingeloggt sein. Durch vorheriges Ausloggen haben Sie die M\u00f6glichkeit, dies zu unterbinden.<\/p>\n<p>Die Nutzung von YouTube erfolgt im Interesse einer ansprechenden Darstellung unserer Online-Angebote. Dies stellt ein berechtigtes Interesse im Sinne von Art. 6 Abs. 1 lit. f DSGVO dar.<\/p>\n<p>Einzelheiten zum Umgang mit Nutzerdaten finden Sie in der Datenschutzerkl\u00e4rung von YouTube unter: <a href=\"https:\/\/www.google.de\/intl\/de\/policies\/privacy\">https:\/\/www.google.de\/intl\/de\/policies\/privacy<\/a>.<\/p>\n<p><strong id=\"cookie\">e) Cookies und Pixel<\/strong><br \/>\nAn verschiedenen Stellen unseres Webangebots nutzen wir Cookies und Pixel.<br \/>\nCookies sind kleine Kennungen, die ein Server auf dem Endger\u00e4t, mit dem Sie auf unsere Webseite oder unsere Dienste zugreifen, speichert. Sie enthalten Informationen, die bei einem Zugriff auf unsere Dienste abgerufen werden k\u00f6nnen und so eine effizientere und bessere Nutzung unserer Angebote erm\u00f6glichen.<br \/>\nWir setzen permanente und sogenannte Session Cookies ein. Session Cookies werden bereits beim Schlie\u00dfen Ihres Webbrowsers gel\u00f6scht. Permanente Cookies verbleiben auf Ihrem Endger\u00e4t, bis sie zur Erreichung ihres Zwecks nicht mehr erforderlich sind und gel\u00f6scht werden.<br \/>\nDie Cookies dienen einer Verbesserung unserer Dienste und der Nutzung bestimmter Features. Cookies werden unter anderem verwendet, um statistische Werte zu unserem Webangebot, beispielsweise \u00fcber die Anzahl der Besucher, zu erheben.<br \/>\nSie k\u00f6nnen die Setzung von Cookies jederzeit mittels einer entsprechenden Einstellung Ihres genutzten Internetbrowsers verhindern und damit der Setzung von Cookies dauerhaft widersprechen. Ferner k\u00f6nnen bereits gesetzte Cookies jederzeit \u00fcber einen Internetbrowser oder andere Softwareprogramme gel\u00f6scht werden. Dies ist in allen g\u00e4ngigen Internetbrowsern m\u00f6glich. Deaktivieren Sie die Setzung von Cookies in dem genutzten Internetbrowser, sind unter Umst\u00e4nden nicht alle Funktionen unserer Internetseite vollumf\u00e4nglich nutzbar.<br \/>\nPixel sind kleine Grafiken auf Webseiten, die eine Logdatei-Aufzeichnung und eine Logdatei-Analyse erm\u00f6glichen, welche oft f\u00fcr statistische Auswertungen verwendet werden.<\/p>\n<p><strong>f) Kommentarfunktion Blog<\/strong><br \/>\nWir bieten den Nutzern unseres Blogs die M\u00f6glichkeit, individuelle Kommentare zu einzelnen Blog-Beitr\u00e4gen zu hinterlassen.<br \/>\nHinterl\u00e4sst ein Nutzer einen Kommentar in dem auf dieser Internetseite ver\u00f6ffentlichten Blog, werden neben den Kommentaren auch Angaben zum Zeitpunkt der Kommentareingabe sowie ggf. der von der betroffenen Person gew\u00e4hlte Benutzername (Pseudonym) gespeichert und ver\u00f6ffentlicht. In dem Fall, in dem der Nutzer eine E-Mail Adresse hinterl\u00e4sst wird sie ebenfalls gespeichert, aber nicht ver\u00f6ffentlicht.<br \/>\nEs erfolgt keine Weitergabe dieser erhobenen personenbezogenen Daten an Dritte, sofern eine solche Weitergabe nicht gesetzlich vorgeschrieben ist oder der Rechtsverteidigung des f\u00fcr die Verarbeitung Verantwortlichen dient.<\/p>\n<p><strong>h) Bewerberdaten<\/strong><br \/>\nWir verarbeiten die Daten, die Sie im Bewerbungsprozess angeben. Dazu geh\u00f6ren Ihr Name, Adresse, Telefon- und Mobilnummern, E-Mail Adressen und die personenbezogenen Daten, die sich aus Ihren Bewerbungsunterlagen ergeben.<\/p>\n<h3 class=\"fs28--xs mb20--xs mt60--xs ml-30--xs\">3. Rechtsgrundlage der Verarbeitung<\/h3>\n<p>Wir verarbeiten und nutzen Ihre Daten, um den Vertrag durchzuf\u00fchren und unsere Dienste zu erbringen, um unsere Dienste und unsere Webseiten zu verbessern und an Ihren Bedarf anzupassen, um Updates und Upgrades bereitzustellen und um Ihnen Benachrichtigungen in Bezug auf den Dienst zukommen zu lassen, sowie Abrechnungen zu Erstellen und unsere Forderungen einzuziehen.<\/p>\n<p>Art. 6 I lit. a DS-GVO dient uns als Rechtsgrundlage f\u00fcr Verarbeitungsvorg\u00e4nge, bei denen wir eine Einwilligung f\u00fcr einen bestimmten Verarbeitungszweck einholen. Ist die Verarbeitung personenbezogener Daten zur Erf\u00fcllung eines Vertrags erforderlich, so beruht die Verarbeitung auf Art. 6 I lit. b DS-GVO. Gleiches gilt f\u00fcr solche Verarbeitungsvorg\u00e4nge die zur Durchf\u00fchrung vorvertraglicher Ma\u00dfnahmen erforderlich sind, etwa in F\u00e4llen von Anfragen zur unseren Produkten oder Leistungen. Unterliegen wir einer rechtlichen Verpflichtung durch welche eine Verarbeitung von personenbezogenen Daten erforderlich wird, wie beispielsweise zur Erf\u00fcllung steuerlicher Pflichten, so basiert die Verarbeitung auf Art. 6 I lit. c DS-GVO. Letztlich k\u00f6nnten Verarbeitungsvorg\u00e4nge auf Art. 6 I lit. f DS-GVO beruhen. Auf dieser Rechtsgrundlage basieren Verarbeitungsvorg\u00e4nge, die von keiner der vorgenannten Rechtsgrundlagen erfasst werden, wenn die Verarbeitung zur Wahrung unserer berechtigten Interessen oder die eines Dritten erforderlich ist, sofern die Interessen, Grundrechte und Grundfreiheiten des Betroffenen nicht \u00fcberwiegen. Solche Verarbeitungsvorg\u00e4nge sind uns insbesondere deshalb gestattet, weil sie durch den Europ\u00e4ischen Gesetzgeber besonders erw\u00e4hnt wurden. Ein berechtigtes Interesse ist in der Regel anzunehmen, wenn die betroffene Person ein Kunde des Verantwortlichen ist.<\/p>\n<p>Basiert die Verarbeitung personenbezogener Daten auf Artikel 6 I lit. f DS-GVO ist unser berechtigtes Interesse die Durchf\u00fchrung unserer Gesch\u00e4ftst\u00e4tigkeit sowie die Erf\u00fcllung rechtlicher Verpflichtungen, soweit die Verarbeitung nicht unter Art. 6 I lit. c DSGVO f\u00e4llt.<\/p>\n<p>Bewerberdaten verarbeiten wir gem\u00e4\u00df Art. 88 DS-GVO in Verbindung mit \u00a7 26 BDSG (neu).<\/p>\n<h3 class=\"fs28--xs mb20--xs mt60--xs ml-30--xs\">4. Kategorien von Empf\u00e4ngern<\/h3>\n<p><strong>Inkassodienstleister:<\/strong> Diese erbringen f\u00fcr uns Inkassodienstleistungen.<\/p>\n<p><strong>Auftragsverarbeiter:<\/strong> Wir leiten verschiedene personenbezogene Daten als Verantwortliche im Rahmen einer Auftragsdatenverarbeitung an unsere Auftragsverarbeiter weiter. Die Sicherheit Ihrer Daten haben wir durch den Abschluss von Vereinbarungen zur Auftragdatenverarbeitung sichergestellt. Unsere Auftragsverarbeiter lassen sich in folgende Kategorien unterteilen:<\/p>\n<ul class=\"mb20--xs mt-10--xs ml40--xs checkmark checkmark--arrow\">\n<li class=\"mt10--xs\">Erbringung von Dienstleistungen: Hierzu geh\u00f6ren der Newsletterversand, Druck und Versand Rechnungen, Kundenbefragungen, Zahlungsdienstleister, Datentr\u00e4gervernichtung<\/li>\n<li class=\"mt10--xs\">Betrieb von Diensten, Wartung und Pflege von Hard- und Software<\/li>\n<\/ul>\n<p>Wir geben Daten nur nach Ma\u00dfgabe der gesetzlichen Vorschriften oder eines gerichtlichen Titels an Beh\u00f6rden und Dritte heraus. Ausk\u00fcnfte an Beh\u00f6rden k\u00f6nnen aufgrund einer gesetzlichen Vorschrift zur Gefahrenabwehr oder zur Strafverfolgung erteilt werden. Dritte erhalten nur Ausk\u00fcnfte, wenn eine gesetzliche Vorschrift dies vorsieht. Dies kann z. B. bei Urheberrechtsverletzungen der Fall sein.<\/p>\n<h3 class=\"fs28--xs mb20--xs mt60--xs ml-30--xs\">5. Dauer der Speicherung<\/h3>\n<p>Wir verarbeiten und speichern personenbezogene Daten nur f\u00fcr den Zeitraum, der zur Erreichung des Speicherungszwecks erforderlich ist oder sofern dies gesetzlich vorgeschrieben wurde. Der Verarbeitungszweck ist in der Regel mit Beendigung Ihres Vertrages erreicht.<\/p>\n<p>Daten, die Sie in unseren Diensten speichern, k\u00f6nnen Sie selbst \u00e4ndern und l\u00f6schen. Nach Vertragsbeendigung l\u00f6schen wir die in den Diensten gespeicherten Daten innerhalb von 4 Monaten.<\/p>\n<p>Sicherheitskopien in unseren Backup-Systemen werden automatisch mit Zeitverz\u00f6gerung gel\u00f6scht.<\/p>\n<p>F\u00fcr Vertragsdaten wird die Verarbeitung nach Vertragsbeendigung eingeschr\u00e4nkt, nach Ablauf der 10 j\u00e4hrigen gesetzlichen Aufbewahrungsfrist gem\u00e4\u00df \u00a7 257 HGB und \u00a7 147 AO werden sie gel\u00f6scht.<\/p>\n<p>Daten, die Sie im Rahmen des Bewerbungsprozesses eingeben, werden maximal sechs Monate gespeichert.<\/p>\n<p>Log- und Accountdaten werden bei uns mit Login f\u00fcr maximal 6 Monate gespeichert. Nach Vertragsbeendigung werden die Accountdaten innerhalb von 2-4 Monaten gel\u00f6scht.<\/p>\n<p>F\u00fcr Kundenkorrespondenz, Auftrags- und Zahlungsverlauf gilt die gesetzliche Aufbewahrungsfrist von 6 Jahren gem\u00e4\u00df \u00a7 257 HGB und \u00a7 147 AO.<\/p>\n<h3 class=\"fs28--xs mb20--xs mt60--xs ml-30--xs\">6. Ihre Rechte<\/h3>\n<p><strong>a) Auskunfts- und Best\u00e4tigungsrecht<\/strong><br \/>\nSie haben das Recht, jederzeit von uns unentgeltliche Auskunft sowie Best\u00e4tigung \u00fcber die zu Ihrer Person gespeicherten personenbezogenen Daten und eine Kopie dieser Auskunft zu erhalten.<\/p>\n<p><strong>b) Berichtigungsrecht<\/strong><br \/>\nSie haben das Recht, die unverz\u00fcgliche Berichtigung Sie betreffender unrichtiger personenbezogener Daten zu verlangen. Ferner steht Ihnen das Recht zu, unter Ber\u00fccksichtigung der Zwecke der Verarbeitung, die Vervollst\u00e4ndigung unvollst\u00e4ndiger personenbezogener Daten \u2014 auch mittels einer erg\u00e4nzenden Erkl\u00e4rung \u2014 zu verlangen.<\/p>\n<p><strong>c) L\u00f6schungsrechte<\/strong><br \/>\nSie haben das Recht, dass die sie betreffenden personenbezogenen Daten unverz\u00fcglich gel\u00f6scht werden, sofern einer der folgenden Gr\u00fcnde zutrifft und soweit die Verarbeitung nicht erforderlich ist:<\/p>\n<ul class=\"mb20--xs mt-10--xs ml60--xs checkmark--classic\">\n<li class=\"mt10--xs\">Die personenbezogenen Daten wurden f\u00fcr solche Zwecke erhoben oder auf sonstige Weise verarbeitet, f\u00fcr welche sie nicht mehr notwendig sind.<\/li>\n<li>Sie widerrufen ihre Einwilligung, auf die sich die Verarbeitung st\u00fctzte und es fehlt an einer anderweitigen Rechtsgrundlage f\u00fcr die Verarbeitung.<\/li>\n<li>Sie legen gem\u00e4\u00df Art. 21 Abs. 1 DS-GVO Widerspruch gegen die Verarbeitung ein, und es liegen keine vorrangigen berechtigten Gr\u00fcnde f\u00fcr die Verarbeitung vor, oder Sie legen gem\u00e4\u00df Art. 21 Abs. 2 DS-GVO Widerspruch gegen die Verarbeitung ein.<\/li>\n<li>Die personenbezogenen Daten wurden unrechtm\u00e4\u00dfig verarbeitet.<\/li>\n<li>Die L\u00f6schung der personenbezogenen Daten ist zur Erf\u00fcllung einer rechtlichen Verpflichtung nach dem Unionsrecht oder dem Recht der Mitgliedstaaten erforderlich, dem wir unterliegen.<\/li>\n<li>Die personenbezogenen Daten wurden in Bezug auf angebotene Dienste der Informationsgesellschaft gem\u00e4\u00df Art. 8 Abs. 1 DS-GVO erhoben.<\/li>\n<\/ul>\n<p><strong>d) Recht auf Einschr\u00e4nkung der Verarbeitung<\/strong><br \/>\nSie haben das Recht die Einschr\u00e4nkung der Verarbeitung zu verlangen, wenn eine der folgenden Voraussetzungen gegeben ist:<\/p>\n<ul class=\"mb20--xs mt-10--xs ml60--xs checkmark--classic\">\n<li class=\"mt10--xs\">Die Richtigkeit der personenbezogenen Daten wird von Ihnen bestritten, und zwar f\u00fcr eine Dauer, die es uns erm\u00f6glicht, die Richtigkeit der personenbezogenen Daten zu \u00fcberpr\u00fcfen.<\/li>\n<li>Die Verarbeitung ist unrechtm\u00e4\u00dfig, Sie lehnen die L\u00f6schung der personenbezogenen Daten ab und verlangen stattdessen die Einschr\u00e4nkung der Nutzung der personenbezogenen Daten.<\/li>\n<li>Wir ben\u00f6tigen die personenbezogenen Daten f\u00fcr die Zwecke der Verarbeitung nicht l\u00e4nger, Sie ben\u00f6tigen sie jedoch zur Geltendmachung, Aus\u00fcbung oder Verteidigung von Rechtsanspr\u00fcchen.<\/li>\n<li>Sie haben Widerspruch gegen die Verarbeitung gem. Art. 21 Abs. 1 DS-GVO eingelegt und es steht noch nicht fest, ob unsere berechtigten Gr\u00fcnde gegen\u00fcber Ihren \u00fcberwiegen.<\/li>\n<\/ul>\n<p><strong>e) Widerspruchsrechte gegen die Verarbeitung<\/strong><br \/>\nSie haben das Recht, jederzeit gegen die Verarbeitung Sie betreffender personenbezogener Daten, die aufgrund von Art. 6 Abs. 1 Buchstaben e oder f DS-GVO erfolgt, Widerspruch einzulegen.<br \/>\nWir verarbeiten die personenbezogenen Daten im Falle des Widerspruchs nicht mehr, es sei denn, wir k\u00f6nnen zwingende schutzw\u00fcrdige Gr\u00fcnde f\u00fcr die Verarbeitung nachweisen, die gegen\u00fcber Ihren Interessen, Rechten und Freiheiten \u00fcberwiegen, oder die Verarbeitung dient der Geltendmachung, Aus\u00fcbung oder Verteidigung von Rechtsanspr\u00fcchen.<br \/>\nSie haben das Recht, jederzeit Widerspruch gegen die Verarbeitung der personenbezogenen Daten zum Zwecke von Direktwerbung einzulegen.<\/p>\n<p><strong>f) Recht auf Daten\u00fcbertragbarkeit<\/strong><br \/>\nSie haben das Recht, die sie betreffenden personenbezogenen Daten, welche uns bereitgestellt wurden, in einem strukturierten, g\u00e4ngigem und maschinenlesbarem Format zu erhalten. Sie haben au\u00dferdem das Recht, diese Daten einem anderen Verantwortlichen ohne Behinderung durch uns, zu \u00fcbermitteln, sofern die Verarbeitung auf der Einwilligung gem\u00e4\u00df Art. 6 Abs. 1 Buchstabe a DS-GVO oder Art. 9 Abs. 2 Buchstabe a DS-GVO oder auf einem Vertrag gem\u00e4\u00df Art. 6 Abs. 1 Buchstabe b DS-GVO beruht und die Verarbeitung mithilfe automatisierter Verfahren erfolgt, sofern die Verarbeitung nicht f\u00fcr die Wahrnehmung einer Aufgabe erforderlich ist, die im \u00f6ffentlichen Interesse liegt oder in Aus\u00fcbung \u00f6ffentlicher Gewalt erfolgt, welche dem Verantwortlichen \u00fcbertragen wurde.<br \/>\nFerner haben Sie bei der Aus\u00fcbung ihres Rechts auf Daten\u00fcbertragbarkeit gem\u00e4\u00df Art. 20 Abs. 1 DS-GVO das Recht, zu erwirken, dass die personenbezogenen Daten direkt von einem Verantwortlichen an einen anderen Verantwortlichen \u00fcbermittelt werden, soweit dies technisch machbar ist und sofern hiervon nicht die Rechte und Freiheiten anderer Personen beeintr\u00e4chtigt werden.<\/p>\n<p><strong>g) Recht auf Widerruf einer datenschutzrechtlichen Einwilligung<\/strong><br \/>\nSie haben das Recht die Einwilligung zur Verarbeitung personenbezogener Daten jederzeit zu widerrufen.<\/p>\n<p><strong>h) Beschwerderecht bei der Aufsichtsbeh\u00f6rde<\/strong><br \/>\nSie haben das Recht sich jederzeit an eine Aufsichtsbeh\u00f6rde in dem Mitgliedstaat Ihres Aufenthaltsortes oder Arbeitsplatzes oder des mutma\u00dflichen Versto\u00dfes zu wenden, wenn Sie der Ansicht sind, dass die Verarbeitung der Sie betreffenden personenbezogenen Daten gegen die EU-Datenschutzgrundverordnung verst\u00f6\u00dft.<\/p>\n<p><strong>Datenschutzfragen rund um unseren Webauftritt<\/strong><br \/>\nBerliner Beauftragte f\u00fcr Datenschutz und Informationsfreiheit<br \/>\nFriedrichstr. 219<br \/>\n10969 Berlin<\/p>\n<p><strong>Datenschutzfragen rund um Telekommunikation<\/strong><br \/>\nDie Bundesbeauftragte f\u00fcr den Datenschutz und die Informationsfreiheit (BfDI)<br \/>\nHusarenstra\u00dfe 30<br \/>\n53117 Bonn<\/p>\n<h3 class=\"fs28--xs mb20--xs mt60--xs ml-30--xs\">7. Gesetzliche oder vertragliche Vorschriften zur Bereitstellung personenbezogener Daten, Erforderlichkeit f\u00fcr den Vertragsschluss, Verpflichtung die personenbezogenen Daten bereitzustellen, m\u00f6gliche Folgen der Nichtbereitstellung<\/h3>\n<p>Die Bereitstellung personenbezogener Daten kann zum Teil gesetzlich vorgeschrieben sein (z.B. Steuervorschriften) oder sich auch aus vertraglichen Regelungen (z.B. Angaben zum Vertragspartner) ergeben. Mitunter kann es zu einem Vertragsschluss erforderlich sein, dass Sie uns personenbezogene Daten zur Verf\u00fcgung stellen, die in der Folge durch uns verarbeitet werden m\u00fcssen. Sie sind beispielsweise verpflichtet uns personenbezogene Daten bereitzustellen, wenn wir mit Ihnen einen Vertrag abschlie\u00dfen. Eine Nichtbereitstellung der personenbezogenen Daten h\u00e4tte zur Folge, dass der Vertrag nicht geschlossen werden k\u00f6nnte.<\/p>\n<h3 class=\"fs28--xs mb20--xs mt60--xs ml-30--xs\">8. Bestehen einer automatischen Entscheidungsfindung \/ Profiling<\/h3>\n<p>Eine automatische Entscheidungsfindung oder Profiling nehmen wir nicht vor.<\/p>\n","protected":false},"excerpt":{"rendered":"<p>Der Schutz Ihrer Daten geh\u00f6rt zu den wichtigsten Grunds\u00e4tzen der Lucky Walkers. Wir m\u00f6chten Sie mit dieser Datenschutzerkl\u00e4rung \u00fcber Art,<\/p>\n","protected":false},"author":2,"featured_media":0,"parent":0,"menu_order":120,"comment_status":"closed","ping_status":"closed","template":"","meta":{"footnotes":""},"_links":{"self":[{"href":"https:\/\/neu.tvno-berlin.de\/index.php?rest_route=\/wp\/v2\/pages\/41"}],"collection":[{"href":"https:\/\/neu.tvno-berlin.de\/index.php?rest_route=\/wp\/v2\/pages"}],"about":[{"href":"https:\/\/neu.tvno-berlin.de\/index.php?rest_route=\/wp\/v2\/types\/page"}],"author":[{"embeddable":true,"href":"https:\/\/neu.tvno-berlin.de\/index.php?rest_route=\/wp\/v2\/users\/2"}],"replies":[{"embeddable":true,"href":"https:\/\/neu.tvno-berlin.de\/index.php?rest_route=%2Fwp%2Fv2%2Fcomments&post=41"}],"version-history":[{"count":0,"href":"https:\/\/neu.tvno-berlin.de\/index.php?rest_route=\/wp\/v2\/pages\/41\/revisions"}],"wp:attachment":[{"href":"https:\/\/neu.tvno-berlin.de\/index.php?rest_route=%2Fwp%2Fv2%2Fmedia&parent=41"}],"curies":[{"name":"wp","href":"https:\/\/api.w.org\/{rel}","templated":true}]}}