{"id":4276,"date":"2016-09-07T10:10:17","date_gmt":"2016-09-07T10:10:17","guid":{"rendered":"http:\/\/dance-in-line.de\/?page_id=18"},"modified":"2016-09-07T10:10:17","modified_gmt":"2016-09-07T10:10:17","slug":"home-2","status":"publish","type":"page","link":"https:\/\/neu.tvno-berlin.de\/","title":{"rendered":"Willkommen"},"content":{"rendered":"<p><img loading=\"lazy\" decoding=\"async\" class=\"wp-image-91 aligncenter\" src=\"https:\/\/dance-in-line.de\/wp-content\/uploads\/2016\/09\/line-dancer-klein.png\" alt=\"line-dancer\" width=\"333\" height=\"174\" \/><\/p>\n<h4><\/h4>\n<h1 style=\"text-align: center;\"><span style=\"text-decoration: underline;\">Line Dance in Tempelhof<\/span><\/h1>\n<p style=\"text-align: center;\">Ihr habt Spa\u00df am Tanzen, oder wollt einfach mal etwas neues ausprobieren?<\/p>\n<p style=\"text-align: center;\">Ihr habt Line Dance Gruppen schon gesehen und wollt diese Tanzart auch lernen?<\/p>\n<h3 style=\"text-align: center;\"><span style=\"color: #800000;\"><strong><span style=\"text-decoration: underline;\"><span style=\"color: #000000; text-decoration: underline;\">Da<\/span><span style=\"color: #000000; text-decoration: underline;\">nn seid ihr bei den<\/span> <\/span><\/strong><\/span><\/h3>\n<h1 style=\"text-align: center;\"><strong>Lucky<\/strong><\/h1>\n<h2 style=\"text-align: center;\"><img loading=\"lazy\" decoding=\"async\" class=\"alignnone size-full wp-image-1464\" src=\"https:\/\/neu.tvno-berlin.de\/wp-content\/uploads\/2019\/08\/Logo-Lucky-Walkers-klein.png\" alt=\"\" width=\"87\" height=\"99\" \/><\/h2>\n<h1 style=\"text-align: center;\"><strong>Walkers<\/strong><\/h1>\n<h3 style=\"text-align: center;\"><span style=\"color: #000000;\"><strong><span style=\"text-decoration: underline;\">genau richtig!<\/span><\/strong><\/span><\/h3>\n<p style=\"text-align: center;\">Es werden mit euch die verschiedenen Tanzformen des Line Dance in einer ruhigen und angenehmen Atmosph\u00e4re trainiert. Es gibt keinen Leistungsdruck, jedoch wird Leistung gef\u00f6rdert.<\/p>\n<h2 style=\"text-align: center;\"><span style=\"text-decoration: underline;\">Das Angebot an euch!<\/span><\/h2>\n<p style=\"text-align: center;\">Wir binden unsere Teilnehmer nicht mit Vertr\u00e4gen sondern mit Spass und guter Laune.<\/p>\n<p style=\"text-align: center;\">Die Tanzgruppen sind offen f\u00fcr alle die Line Dance T\u00e4nze erlernen oder erweitern m\u00f6chten. Es ist ein\u00a0 langj\u00e4hriger Erfahrungsschatz vorhanden. Jedes neue Mitglied, dass diese Tanzform erlernen m\u00f6chte, ist willkommen.<\/p>\n<h3 style=\"text-align: center;\"><span style=\"text-decoration: underline;\">Was genau erwartet euch?<\/span><\/h3>\n<p style=\"text-align: center;\">Hier wird sowohl Anf\u00e4ngern zur Seite gestanden als auch Fortgeschrittenen noch etwas beigebracht. Allerdings steht der Spa\u00df im Vordergrund, mit dem Ziel, dass\u00a0alle Mitglieder diesen Spa\u00df teilen und hierdurch den Alltagsstress etwas abbauen k\u00f6nnen.<\/p>\n<p style=\"text-align: center;\">Wenn euer Interesse geweckt wurde, dann vereinbart einfach ein <a href=\"https:\/\/dance-in-line.de\/trainingszeiten\/\">Probetraining<\/a> und lasst euch \u00fcberzeugen!<\/p>\n<h3 style=\"text-align: center;\"><span style=\"color: #800000; text-decoration: underline;\"><strong>Auf den Punkt gebracht<\/strong><\/span><\/h3>\n<h6><span style=\"text-decoration: underline;\"><strong>Was ist Line Dance?<\/strong><\/span><\/h6>\n<p style=\"text-align: left;\">Man nehme, ganz viel Country Musik, etwas Pop und ein wenig Rock. Nun vermische dies mit variationen von Tanzschritten, ein paar Drehungen, sehr gerne auch einige Br\u00fccken und Restarts. Dazu gesellt man einen bunten Mix von netten Leuten, richte diese in Reihen an und heraus kommt&#8230;&#8230;.<\/p>\n<p style=\"text-align: center;\">Line Dance, gew\u00fcrzt mit viel Spa\u00df.<\/p>\n<h6 align=\"LEFT\"><span style=\"text-decoration: underline;\"><strong><span style=\"font-size: medium;\">Ratschl\u00e4ge:<\/span><\/strong><\/span><\/h6>\n<p align=\"LEFT\"><span style=\"font-size: medium;\">Egal was passiert, tu so als w\u00e4re es Absicht.<\/span><\/p>\n<p align=\"LEFT\"><span style=\"font-size: medium;\">Wenn Du gerade nicht wei\u00dft was Du tanzt, dann l\u00e4chle! Beim n\u00e4chsten Mal wird es bestimmt noch besser!<\/span><\/p>\n<h6 align=\"LEFT\"><span style=\"text-decoration: underline;\"><strong><span style=\"font-size: medium;\">Line Dancer:<\/span><\/strong><\/span><\/h6>\n<p><span style=\"font-size: medium;\">&#8211; sprechen mit den F\u00fc\u00dfen<\/span><\/p>\n<p><span style=\"font-size: medium;\">&#8211; z\u00e4hlen immer nur bis acht und beginnen dann wieder von vorne<\/span><\/p>\n<p><span style=\"font-size: medium;\">&#8211; tragen G\u00fcrtelschnallen, die teurer waren als das erstes Auto<\/span><\/p>\n<p><span style=\"font-size: medium;\">&#8211; verlassen die Wohnung nicht ohne Handtuch oder F\u00e4cher<\/span><\/p>\n<p><span style=\"font-size: medium;\">&#8211; z\u00e4hlen W\u00e4nde, auch wo keine sind<\/span><\/p>\n<p><span style=\"font-size: medium;\">&#8211; w\u00e4hrend des Tanzens stellen sie fest, dass alle anderen T\u00e4nzer den falschen Tanz tanzen<\/span><\/p>\n<p><span style=\"font-size: medium;\">&#8211; murmeln im Schlaf etwas wie \u201eKann ich den\u201c oder \u201eWie f\u00e4ngt der an\u201c<\/span><\/p>\n<p style=\"text-align: center;\"><strong>\u201eHowdy\u201c<\/strong><\/p>\n<p><span style=\"background: no-repeat 3px 50% \/ 14px 14px #bd081c; font: bold 11px\/20px 'Helvetica Neue', Helvetica, sans-serif; padding: 0px 4px 0px 0px; border-radius: 2px; left: 317px; top: 36px; width: auto; text-align: center; color: #ffffff; text-indent: 20px; display: none; position: absolute; z-index: 8675309; cursor: pointer; font-size-adjust: none; font-stretch: normal; opacity: 1;\">Merken<\/span><\/p>\n<p><span style=\"background: no-repeat 3px 50% \/ 14px 14px #bd081c; font: bold 11px\/20px 'Helvetica Neue', Helvetica, sans-serif; padding: 0px 4px 0px 0px; border-radius: 2px; left: 317px; top: 36px; width: auto; text-align: center; color: #ffffff; text-indent: 20px; display: none; position: absolute; z-index: 8675309; cursor: pointer; font-size-adjust: none; font-stretch: normal; opacity: 1;\">Merken<\/span><\/p>\n<p><span style=\"background: no-repeat 3px 50% \/ 14px 14px #bd081c; font: bold 11px\/20px 'Helvetica Neue', Helvetica, sans-serif; padding: 0px 4px 0px 0px; border-radius: 2px; width: auto; text-align: center; color: #ffffff; text-indent: 20px; display: none; position: absolute; z-index: 8675309; cursor: pointer; font-size-adjust: none; font-stretch: normal; opacity: 1;\">Merken<\/span><\/p>\n<p><span style=\"background: no-repeat 3px 50% \/ 14px 14px #bd081c; font: bold 11px\/20px 'Helvetica Neue', Helvetica, sans-serif; padding: 0px 4px 0px 0px; border-radius: 2px; width: auto; text-align: center; color: #ffffff; text-indent: 20px; display: none; position: absolute; z-index: 8675309; cursor: pointer; font-size-adjust: none; font-stretch: normal; opacity: 1;\">Merken<\/span><\/p>\n<p><span style=\"background: no-repeat 3px 50% \/ 14px 14px #bd081c; font: bold 11px\/20px 'Helvetica Neue', Helvetica, sans-serif; padding: 0px 4px 0px 0px; border-radius: 2px; width: auto; text-align: center; color: #ffffff; text-indent: 20px; display: none; position: absolute; z-index: 8675309; cursor: pointer; font-size-adjust: none; font-stretch: normal; opacity: 1;\">Merken<\/span><\/p>\n","protected":false},"excerpt":{"rendered":"<p>Line Dance in Tempelhof Ihr habt Spa\u00df am Tanzen, oder wollt einfach mal etwas neues ausprobieren? Ihr habt Line Dance<\/p>\n","protected":false},"author":2,"featured_media":0,"parent":0,"menu_order":0,"comment_status":"closed","ping_status":"closed","template":"","meta":{"footnotes":""},"_links":{"self":[{"href":"https:\/\/neu.tvno-berlin.de\/index.php?rest_route=\/wp\/v2\/pages\/4276"}],"collection":[{"href":"https:\/\/neu.tvno-berlin.de\/index.php?rest_route=\/wp\/v2\/pages"}],"about":[{"href":"https:\/\/neu.tvno-berlin.de\/index.php?rest_route=\/wp\/v2\/types\/page"}],"author":[{"embeddable":true,"href":"https:\/\/neu.tvno-berlin.de\/index.php?rest_route=\/wp\/v2\/users\/2"}],"replies":[{"embeddable":true,"href":"https:\/\/neu.tvno-berlin.de\/index.php?rest_route=%2Fwp%2Fv2%2Fcomments&post=4276"}],"version-history":[{"count":0,"href":"https:\/\/neu.tvno-berlin.de\/index.php?rest_route=\/wp\/v2\/pages\/4276\/revisions"}],"wp:attachment":[{"href":"https:\/\/neu.tvno-berlin.de\/index.php?rest_route=%2Fwp%2Fv2%2Fmedia&parent=4276"}],"curies":[{"name":"wp","href":"https:\/\/api.w.org\/{rel}","templated":true}]}}